{"id":2092,"date":"2024-02-23T14:11:20","date_gmt":"2024-02-23T14:11:20","guid":{"rendered":"https:\/\/aboakademisalumner.fi\/awards\/fortjansttecken\/"},"modified":"2025-02-22T16:36:20","modified_gmt":"2025-02-22T16:36:20","slug":"badges-of-merit","status":"publish","type":"page","link":"https:\/\/aboakademisalumner.fi\/en\/awards\/badges-of-merit\/","title":{"rendered":"Association\u2019s badges of merit"},"content":{"rendered":"\t\t<div data-elementor-type=\"wp-page\" data-elementor-id=\"2092\" class=\"elementor elementor-2092 elementor-1908\" data-elementor-post-type=\"page\">\n\t\t\t\t\t\t<section class=\"elementor-section elementor-top-section elementor-element elementor-element-f11eee3 elementor-section-boxed elementor-section-height-default elementor-section-height-default\" data-id=\"f11eee3\" data-element_type=\"section\">\n\t\t\t\t\t\t<div class=\"elementor-container elementor-column-gap-default\">\n\t\t\t\t\t<div class=\"elementor-column elementor-col-100 elementor-top-column elementor-element elementor-element-ca25bd0\" data-id=\"ca25bd0\" data-element_type=\"column\">\n\t\t\t<div class=\"elementor-widget-wrap elementor-element-populated\">\n\t\t\t\t\t\t<div class=\"elementor-element elementor-element-8c6a5f9 elementor-widget elementor-widget-heading\" data-id=\"8c6a5f9\" data-element_type=\"widget\" data-widget_type=\"heading.default\">\n\t\t\t\t<div class=\"elementor-widget-container\">\n\t\t\t\t\t<h1 class=\"elementor-heading-title elementor-size-default\">F\u00f6reningens f\u00f6rtj\u00e4nsttecken<\/h1>\t\t\t\t<\/div>\n\t\t\t\t<\/div>\n\t\t\t\t\t<\/div>\n\t\t<\/div>\n\t\t\t\t\t<\/div>\n\t\t<\/section>\n\t\t\t\t<section class=\"elementor-section elementor-top-section elementor-element elementor-element-542cc8f elementor-section-boxed elementor-section-height-default elementor-section-height-default\" data-id=\"542cc8f\" data-element_type=\"section\">\n\t\t\t\t\t\t<div class=\"elementor-container elementor-column-gap-default\">\n\t\t\t\t\t<div class=\"elementor-column elementor-col-100 elementor-top-column elementor-element elementor-element-fecb607\" data-id=\"fecb607\" data-element_type=\"column\">\n\t\t\t<div class=\"elementor-widget-wrap elementor-element-populated\">\n\t\t\t\t\t\t<div class=\"elementor-element elementor-element-c6e5e8a elementor-widget elementor-widget-text-editor\" data-id=\"c6e5e8a\" data-element_type=\"widget\" data-widget_type=\"text-editor.default\">\n\t\t\t\t<div class=\"elementor-widget-container\">\n\t\t\t\t\t\t\t\t\t<h2><strong>F\u00f6rtj\u00e4nsttecken i silver<\/strong><\/h2>\t\t\t\t\t\t\t\t<\/div>\n\t\t\t\t<\/div>\n\t\t\t\t\t<\/div>\n\t\t<\/div>\n\t\t\t\t\t<\/div>\n\t\t<\/section>\n\t\t\t\t<section class=\"elementor-section elementor-top-section elementor-element elementor-element-042c12f elementor-section-boxed elementor-section-height-default elementor-section-height-default\" data-id=\"042c12f\" data-element_type=\"section\">\n\t\t\t\t\t\t<div class=\"elementor-container elementor-column-gap-default\">\n\t\t\t\t\t<div class=\"elementor-column elementor-col-50 elementor-top-column elementor-element elementor-element-071f4b7\" data-id=\"071f4b7\" data-element_type=\"column\">\n\t\t\t<div class=\"elementor-widget-wrap elementor-element-populated\">\n\t\t\t\t\t\t<div class=\"elementor-element elementor-element-7a4c259 elementor-widget elementor-widget-text-editor\" data-id=\"7a4c259\" data-element_type=\"widget\" data-widget_type=\"text-editor.default\">\n\t\t\t\t<div class=\"elementor-widget-container\">\n\t\t\t\t\t\t\t\t\t<h3>2006:<\/h3><ul><li>Nr 1: B\u00f6rje L\u00e5ng<\/li><\/ul><h3>2008:<\/h3><ul><li>Nr 2: Caj-Gunnar Lindqvist<\/li><li>Nr 3: Bengt Pettersson<\/li><\/ul><h3>2010:<\/h3><p>&#8211;<\/p><h3>2012:<\/h3><ul><li>Nr 4: Folke Sj\u00f6gren<\/li><\/ul><h3>2014:<\/h3><ul><li>Nr 5: Birgitta Br\u00f6ckl<\/li><\/ul><div><h3>2016:<\/h3><ul><li>Nr 6: Christel S\u00f6derholm<\/li><\/ul><\/div>\t\t\t\t\t\t\t\t<\/div>\n\t\t\t\t<\/div>\n\t\t\t\t\t<\/div>\n\t\t<\/div>\n\t\t\t\t<div class=\"elementor-column elementor-col-50 elementor-top-column elementor-element elementor-element-c4259a8\" data-id=\"c4259a8\" data-element_type=\"column\">\n\t\t\t<div class=\"elementor-widget-wrap elementor-element-populated\">\n\t\t\t\t\t\t<div class=\"elementor-element elementor-element-bd132b7 elementor-widget elementor-widget-text-editor\" data-id=\"bd132b7\" data-element_type=\"widget\" data-widget_type=\"text-editor.default\">\n\t\t\t\t<div class=\"elementor-widget-container\">\n\t\t\t\t\t\t\t\t\t<h3><span style=\"color: var( --e-global-color-primary ); letter-spacing: 0.002em;\">2018:<\/span><\/h3><p>&#8211;<\/p><h3>2020:<\/h3><ul><li>Nr 7: Ulla Achr\u00e9n<\/li><li>Nr 8: Ingela Ollas<\/li><\/ul><h3>2022 \u2013 100-\u00e5rsjubileum:<\/h3><ul><li>Nr 9: Hanna Halme<\/li><li>Nr 10: Henrik Karlsson<\/li><li>Nr 11: Otto L\u00e5ngvik<\/li><li>Nr 12: Britta Sunde<\/li><li>Nr 13: Tom Wester\u00e9n<\/li><\/ul><h3>2024:<\/h3><ul><li>Nr 14: Stina Nyg\u00e5rd<\/li><li>Nr 15: Sandra Str\u00f6m<\/li><li>Nr 16: Johan Werkelin<\/li><\/ul>\t\t\t\t\t\t\t\t<\/div>\n\t\t\t\t<\/div>\n\t\t\t\t\t<\/div>\n\t\t<\/div>\n\t\t\t\t\t<\/div>\n\t\t<\/section>\n\t\t\t\t<section class=\"elementor-section elementor-top-section elementor-element elementor-element-df8c7db elementor-section-boxed elementor-section-height-default elementor-section-height-default\" data-id=\"df8c7db\" data-element_type=\"section\">\n\t\t\t\t\t\t<div class=\"elementor-container elementor-column-gap-default\">\n\t\t\t\t\t<div class=\"elementor-column elementor-col-100 elementor-top-column elementor-element elementor-element-643412f\" data-id=\"643412f\" data-element_type=\"column\">\n\t\t\t<div class=\"elementor-widget-wrap elementor-element-populated\">\n\t\t\t\t\t\t<div class=\"elementor-element elementor-element-921fd12 elementor-widget elementor-widget-text-editor\" data-id=\"921fd12\" data-element_type=\"widget\" data-widget_type=\"text-editor.default\">\n\t\t\t\t<div class=\"elementor-widget-container\">\n\t\t\t\t\t\t\t\t\t<h2><strong>F\u00f6rtj\u00e4nsttecken i brons<\/strong><\/h2><h3>2006<\/h3><ul><li>Majsan Stendahl<\/li><\/ul><h3>2018<\/h3><ul><li>Sandra Str\u00f6m<\/li><li>Johan Werkelin<\/li><\/ul>\t\t\t\t\t\t\t\t<\/div>\n\t\t\t\t<\/div>\n\t\t\t\t\t<\/div>\n\t\t<\/div>\n\t\t\t\t\t<\/div>\n\t\t<\/section>\n\t\t\t\t<section class=\"elementor-section elementor-top-section elementor-element elementor-element-8e70a31 elementor-section-boxed elementor-section-height-default elementor-section-height-default\" data-id=\"8e70a31\" data-element_type=\"section\">\n\t\t\t\t\t\t<div class=\"elementor-container elementor-column-gap-default\">\n\t\t\t\t\t<div class=\"elementor-column elementor-col-100 elementor-top-column elementor-element elementor-element-3d18d2d\" data-id=\"3d18d2d\" data-element_type=\"column\">\n\t\t\t<div class=\"elementor-widget-wrap elementor-element-populated\">\n\t\t\t\t\t\t<div class=\"elementor-element elementor-element-ec70b57 elementor-widget elementor-widget-heading\" data-id=\"ec70b57\" data-element_type=\"widget\" data-widget_type=\"heading.default\">\n\t\t\t\t<div class=\"elementor-widget-container\">\n\t\t\t\t\t<h2 class=\"elementor-heading-title elementor-size-default\">Senaste f\u00f6rtj\u00e4nsttecken<\/h2>\t\t\t\t<\/div>\n\t\t\t\t<\/div>\n\t\t\t\t\t<\/div>\n\t\t<\/div>\n\t\t\t\t\t<\/div>\n\t\t<\/section>\n\t\t\t\t<section class=\"elementor-section elementor-top-section elementor-element elementor-element-3ed5d27 elementor-section-boxed elementor-section-height-default elementor-section-height-default\" data-id=\"3ed5d27\" data-element_type=\"section\">\n\t\t\t\t\t\t<div class=\"elementor-container elementor-column-gap-default\">\n\t\t\t\t\t<div class=\"elementor-column elementor-col-100 elementor-top-column elementor-element elementor-element-a3f2c6e\" data-id=\"a3f2c6e\" data-element_type=\"column\">\n\t\t\t<div class=\"elementor-widget-wrap elementor-element-populated\">\n\t\t\t\t\t\t\t<\/div>\n\t\t<\/div>\n\t\t\t\t\t<\/div>\n\t\t<\/section>\n\t\t\t\t<\/div>\n\t\t","protected":false},"excerpt":{"rendered":"<p>F\u00f6reningens f\u00f6rtj\u00e4nsttecken F\u00f6rtj\u00e4nsttecken i silver 2006: Nr 1: B\u00f6rje L\u00e5ng 2008: Nr 2: Caj-Gunnar Lindqvist Nr 3: Bengt Pettersson 2010: &#8211; 2012: Nr 4: Folke Sj\u00f6gren 2014: Nr 5: Birgitta Br\u00f6ckl 2016: Nr 6: Christel S\u00f6derholm 2018: &#8211; 2020: Nr 7: Ulla Achr\u00e9n Nr 8: Ingela Ollas 2022 \u2013 100-\u00e5rsjubileum: Nr 9: Hanna Halme Nr [&hellip;]<\/p>\n","protected":false},"author":5,"featured_media":0,"parent":1543,"menu_order":0,"comment_status":"closed","ping_status":"closed","template":"elementor_header_footer","meta":{"footnotes":""},"class_list":["post-2092","page","type-page","status-publish","hentry"],"yoast_head":"<!-- This site is optimized with the Yoast SEO plugin v24.5 - https:\/\/yoast.com\/wordpress\/plugins\/seo\/ -->\n<title>Association\u2019s badges of merit - \u00c5bo Akademis Alumner<\/title>\n<meta name=\"robots\" content=\"index, follow, max-snippet:-1, max-image-preview:large, max-video-preview:-1\" \/>\n<link rel=\"canonical\" href=\"https:\/\/aboakademisalumner.fi\/en\/awards\/badges-of-merit\/\" \/>\n<meta property=\"og:locale\" content=\"en_US\" \/>\n<meta property=\"og:type\" content=\"article\" \/>\n<meta property=\"og:title\" content=\"Association\u2019s badges of merit - \u00c5bo Akademis Alumner\" \/>\n<meta property=\"og:description\" content=\"F\u00f6reningens f\u00f6rtj\u00e4nsttecken F\u00f6rtj\u00e4nsttecken i silver 2006: Nr 1: B\u00f6rje L\u00e5ng 2008: Nr 2: Caj-Gunnar Lindqvist Nr 3: Bengt Pettersson 2010: &#8211; 2012: Nr 4: Folke Sj\u00f6gren 2014: Nr 5: Birgitta Br\u00f6ckl 2016: Nr 6: Christel S\u00f6derholm 2018: &#8211; 2020: Nr 7: Ulla Achr\u00e9n Nr 8: Ingela Ollas 2022 \u2013 100-\u00e5rsjubileum: Nr 9: Hanna Halme Nr [&hellip;]\" \/>\n<meta property=\"og:url\" content=\"https:\/\/aboakademisalumner.fi\/en\/awards\/badges-of-merit\/\" \/>\n<meta property=\"og:site_name\" content=\"\u00c5bo Akademis Alumner\" \/>\n<meta property=\"article:modified_time\" content=\"2025-02-22T16:36:20+00:00\" \/>\n<meta name=\"twitter:card\" content=\"summary_large_image\" \/>\n<script type=\"application\/ld+json\" class=\"yoast-schema-graph\">{\"@context\":\"https:\/\/schema.org\",\"@graph\":[{\"@type\":\"WebPage\",\"@id\":\"https:\/\/aboakademisalumner.fi\/en\/awards\/badges-of-merit\/\",\"url\":\"https:\/\/aboakademisalumner.fi\/en\/awards\/badges-of-merit\/\",\"name\":\"Association\u2019s badges of merit - \u00c5bo Akademis Alumner\",\"isPartOf\":{\"@id\":\"https:\/\/aboakademisalumner.fi\/#website\"},\"datePublished\":\"2024-02-23T14:11:20+00:00\",\"dateModified\":\"2025-02-22T16:36:20+00:00\",\"breadcrumb\":{\"@id\":\"https:\/\/aboakademisalumner.fi\/en\/awards\/badges-of-merit\/#breadcrumb\"},\"inLanguage\":\"en-US\",\"potentialAction\":[{\"@type\":\"ReadAction\",\"target\":[\"https:\/\/aboakademisalumner.fi\/en\/awards\/badges-of-merit\/\"]}]},{\"@type\":\"BreadcrumbList\",\"@id\":\"https:\/\/aboakademisalumner.fi\/en\/awards\/badges-of-merit\/#breadcrumb\",\"itemListElement\":[{\"@type\":\"ListItem\",\"position\":1,\"name\":\"Hem\",\"item\":\"https:\/\/aboakademisalumner.fi\/en\/home\/\"},{\"@type\":\"ListItem\",\"position\":2,\"name\":\"Awards\",\"item\":\"https:\/\/aboakademisalumner.fi\/en\/awards\/\"},{\"@type\":\"ListItem\",\"position\":3,\"name\":\"Association\u2019s badges of merit\"}]},{\"@type\":\"WebSite\",\"@id\":\"https:\/\/aboakademisalumner.fi\/#website\",\"url\":\"https:\/\/aboakademisalumner.fi\/\",\"name\":\"\u00c5bo Akademis Alumner\",\"description\":\"\",\"publisher\":{\"@id\":\"https:\/\/aboakademisalumner.fi\/#organization\"},\"potentialAction\":[{\"@type\":\"SearchAction\",\"target\":{\"@type\":\"EntryPoint\",\"urlTemplate\":\"https:\/\/aboakademisalumner.fi\/?s={search_term_string}\"},\"query-input\":{\"@type\":\"PropertyValueSpecification\",\"valueRequired\":true,\"valueName\":\"search_term_string\"}}],\"inLanguage\":\"en-US\"},{\"@type\":\"Organization\",\"@id\":\"https:\/\/aboakademisalumner.fi\/#organization\",\"name\":\"\u00c5bo Akademis Alumner\",\"url\":\"https:\/\/aboakademisalumner.fi\/\",\"logo\":{\"@type\":\"ImageObject\",\"inLanguage\":\"en-US\",\"@id\":\"https:\/\/aboakademisalumner.fi\/#\/schema\/logo\/image\/\",\"url\":\"https:\/\/aboakademisalumner.fi\/wp-content\/uploads\/2022\/11\/abo-akademis-alumner-logo.svg\",\"contentUrl\":\"https:\/\/aboakademisalumner.fi\/wp-content\/uploads\/2022\/11\/abo-akademis-alumner-logo.svg\",\"width\":136,\"height\":92,\"caption\":\"\u00c5bo Akademis Alumner\"},\"image\":{\"@id\":\"https:\/\/aboakademisalumner.fi\/#\/schema\/logo\/image\/\"}}]}<\/script>\n<!-- \/ Yoast SEO plugin. -->","yoast_head_json":{"title":"Association\u2019s badges of merit - \u00c5bo Akademis Alumner","robots":{"index":"index","follow":"follow","max-snippet":"max-snippet:-1","max-image-preview":"max-image-preview:large","max-video-preview":"max-video-preview:-1"},"canonical":"https:\/\/aboakademisalumner.fi\/en\/awards\/badges-of-merit\/","og_locale":"en_US","og_type":"article","og_title":"Association\u2019s badges of merit - \u00c5bo Akademis Alumner","og_description":"F\u00f6reningens f\u00f6rtj\u00e4nsttecken F\u00f6rtj\u00e4nsttecken i silver 2006: Nr 1: B\u00f6rje L\u00e5ng 2008: Nr 2: Caj-Gunnar Lindqvist Nr 3: Bengt Pettersson 2010: &#8211; 2012: Nr 4: Folke Sj\u00f6gren 2014: Nr 5: Birgitta Br\u00f6ckl 2016: Nr 6: Christel S\u00f6derholm 2018: &#8211; 2020: Nr 7: Ulla Achr\u00e9n Nr 8: Ingela Ollas 2022 \u2013 100-\u00e5rsjubileum: Nr 9: Hanna Halme Nr [&hellip;]","og_url":"https:\/\/aboakademisalumner.fi\/en\/awards\/badges-of-merit\/","og_site_name":"\u00c5bo Akademis Alumner","article_modified_time":"2025-02-22T16:36:20+00:00","twitter_card":"summary_large_image","schema":{"@context":"https:\/\/schema.org","@graph":[{"@type":"WebPage","@id":"https:\/\/aboakademisalumner.fi\/en\/awards\/badges-of-merit\/","url":"https:\/\/aboakademisalumner.fi\/en\/awards\/badges-of-merit\/","name":"Association\u2019s badges of merit - \u00c5bo Akademis Alumner","isPartOf":{"@id":"https:\/\/aboakademisalumner.fi\/#website"},"datePublished":"2024-02-23T14:11:20+00:00","dateModified":"2025-02-22T16:36:20+00:00","breadcrumb":{"@id":"https:\/\/aboakademisalumner.fi\/en\/awards\/badges-of-merit\/#breadcrumb"},"inLanguage":"en-US","potentialAction":[{"@type":"ReadAction","target":["https:\/\/aboakademisalumner.fi\/en\/awards\/badges-of-merit\/"]}]},{"@type":"BreadcrumbList","@id":"https:\/\/aboakademisalumner.fi\/en\/awards\/badges-of-merit\/#breadcrumb","itemListElement":[{"@type":"ListItem","position":1,"name":"Hem","item":"https:\/\/aboakademisalumner.fi\/en\/home\/"},{"@type":"ListItem","position":2,"name":"Awards","item":"https:\/\/aboakademisalumner.fi\/en\/awards\/"},{"@type":"ListItem","position":3,"name":"Association\u2019s badges of merit"}]},{"@type":"WebSite","@id":"https:\/\/aboakademisalumner.fi\/#website","url":"https:\/\/aboakademisalumner.fi\/","name":"\u00c5bo Akademis Alumner","description":"","publisher":{"@id":"https:\/\/aboakademisalumner.fi\/#organization"},"potentialAction":[{"@type":"SearchAction","target":{"@type":"EntryPoint","urlTemplate":"https:\/\/aboakademisalumner.fi\/?s={search_term_string}"},"query-input":{"@type":"PropertyValueSpecification","valueRequired":true,"valueName":"search_term_string"}}],"inLanguage":"en-US"},{"@type":"Organization","@id":"https:\/\/aboakademisalumner.fi\/#organization","name":"\u00c5bo Akademis Alumner","url":"https:\/\/aboakademisalumner.fi\/","logo":{"@type":"ImageObject","inLanguage":"en-US","@id":"https:\/\/aboakademisalumner.fi\/#\/schema\/logo\/image\/","url":"https:\/\/aboakademisalumner.fi\/wp-content\/uploads\/2022\/11\/abo-akademis-alumner-logo.svg","contentUrl":"https:\/\/aboakademisalumner.fi\/wp-content\/uploads\/2022\/11\/abo-akademis-alumner-logo.svg","width":136,"height":92,"caption":"\u00c5bo Akademis Alumner"},"image":{"@id":"https:\/\/aboakademisalumner.fi\/#\/schema\/logo\/image\/"}}]}},"_links":{"self":[{"href":"https:\/\/aboakademisalumner.fi\/en\/wp-json\/wp\/v2\/pages\/2092","targetHints":{"allow":["GET"]}}],"collection":[{"href":"https:\/\/aboakademisalumner.fi\/en\/wp-json\/wp\/v2\/pages"}],"about":[{"href":"https:\/\/aboakademisalumner.fi\/en\/wp-json\/wp\/v2\/types\/page"}],"author":[{"embeddable":true,"href":"https:\/\/aboakademisalumner.fi\/en\/wp-json\/wp\/v2\/users\/5"}],"replies":[{"embeddable":true,"href":"https:\/\/aboakademisalumner.fi\/en\/wp-json\/wp\/v2\/comments?post=2092"}],"version-history":[{"count":1,"href":"https:\/\/aboakademisalumner.fi\/en\/wp-json\/wp\/v2\/pages\/2092\/revisions"}],"predecessor-version":[{"id":2093,"href":"https:\/\/aboakademisalumner.fi\/en\/wp-json\/wp\/v2\/pages\/2092\/revisions\/2093"}],"up":[{"embeddable":true,"href":"https:\/\/aboakademisalumner.fi\/en\/wp-json\/wp\/v2\/pages\/1543"}],"wp:attachment":[{"href":"https:\/\/aboakademisalumner.fi\/en\/wp-json\/wp\/v2\/media?parent=2092"}],"curies":[{"name":"wp","href":"https:\/\/api.w.org\/{rel}","templated":true}]}}