{"id":1541,"date":"2022-11-04T11:14:46","date_gmt":"2022-11-04T11:14:46","guid":{"rendered":"https:\/\/aboakademisalumner.fi\/strategi-for-abo-akademis-alumner-2021-2025\/"},"modified":"2025-02-22T16:36:21","modified_gmt":"2025-02-22T16:36:21","slug":"strategy","status":"publish","type":"page","link":"https:\/\/aboakademisalumner.fi\/en\/strategy\/","title":{"rendered":"Strategy for \u00c5bo Akademis Alumner 2021-2025"},"content":{"rendered":"\t\t<div data-elementor-type=\"wp-page\" data-elementor-id=\"1541\" class=\"elementor elementor-1541 elementor-820\" data-elementor-post-type=\"page\">\n\t\t\t\t\t\t<section class=\"elementor-section elementor-top-section elementor-element elementor-element-297f0e6 elementor-section-boxed elementor-section-height-default elementor-section-height-default\" data-id=\"297f0e6\" data-element_type=\"section\">\n\t\t\t\t\t\t<div class=\"elementor-container elementor-column-gap-default\">\n\t\t\t\t\t<div class=\"elementor-column elementor-col-100 elementor-top-column elementor-element elementor-element-ce2aa12\" data-id=\"ce2aa12\" data-element_type=\"column\">\n\t\t\t<div class=\"elementor-widget-wrap elementor-element-populated\">\n\t\t\t\t\t\t<div class=\"elementor-element elementor-element-be4c98b elementor-widget elementor-widget-heading\" data-id=\"be4c98b\" data-element_type=\"widget\" data-widget_type=\"heading.default\">\n\t\t\t\t<div class=\"elementor-widget-container\">\n\t\t\t\t\t<h1 class=\"elementor-heading-title elementor-size-default\">Strategy for \u00c5bo Akademi University\u2019s Alumni 2021\u20132025<\/h1>\t\t\t\t<\/div>\n\t\t\t\t<\/div>\n\t\t\t\t\t<\/div>\n\t\t<\/div>\n\t\t\t\t\t<\/div>\n\t\t<\/section>\n\t\t\t\t<section class=\"elementor-section elementor-top-section elementor-element elementor-element-6a71c8b elementor-section-boxed elementor-section-height-default elementor-section-height-default\" data-id=\"6a71c8b\" data-element_type=\"section\">\n\t\t\t\t\t\t<div class=\"elementor-container elementor-column-gap-default\">\n\t\t\t\t\t<div class=\"elementor-column elementor-col-100 elementor-top-column elementor-element elementor-element-94442ff\" data-id=\"94442ff\" data-element_type=\"column\">\n\t\t\t<div class=\"elementor-widget-wrap elementor-element-populated\">\n\t\t\t\t\t\t<div class=\"elementor-element elementor-element-b31579b privacy-info elementor-widget elementor-widget-text-editor\" data-id=\"b31579b\" data-element_type=\"widget\" data-widget_type=\"text-editor.default\">\n\t\t\t\t<div class=\"elementor-widget-container\">\n\t\t\t\t\t\t\t\t\t<p><strong>1 Purpose<\/strong><\/p>\n<p>\u00c5bo Akademi University\u2019s Alumni brings together experience and preserves traditions from its hundred years of operation. The purpose of the association is to provide not-for-profit and financial support to \u00c5bo Akademi University and \u00c5bo Akademi University\u2019s Student Union, as well as to maintain contact with and interest in them. The association maintains close networks and brings together knowledgeable members who feel a sense of participation in shared institutions. Contacts between different faculties and age groups strengthen the social capital of the membership.<\/p>\n<p>Interest in the community is kept alive through diverse content and fun local events. Members are welcome to contribute to existing activities and to establish new ones. Local activities are made possible thanks to inspiration, networks, and financial contributions. The association\u2019s interdisciplinary activities broaden perspectives and forge new contacts beyond one\u2019s own existing network. Membership recruitment that takes into account the diversity of alumni contributes to a strong membership base.<\/p>\n<p>Voluntary involvement in a community that feels meaningful is rewarding for the participants thanks to positive interaction with other members. Since 2020, the association has been run entirely by volunteers, which means that administrative processes need to be clarified and documented. Responsibility for activities is shared by several people so that such commitment is not perceived as burdensome.<\/p>\n<p>The association looks after its finances in a sustainable manner. A strong financial situation facilitates member events, the purchase of services, and financial support for \u00c5bo Akademi University and \u00c5bo Akademi University\u2019s Student Union.<\/p>\n<p>\u00c5bo Akademi University\u2019s Alumni collaborates on common goals and interests with \u00c5bo Akademi University, \u00c5bo Akademi University\u2019s Student Union, and the \u00c5bo Akademi University Foundation. The association\u2019s activities are complemented by subject-specific alumni activities and \u00c5bo Akademi University\u2019s alumni network, which benefits from collaboration related to shared interests.<\/p>\n<p><strong>1.2 Mission and vision<\/strong><\/p>\n<ul>\n<li>Our mission is to serve as a unifying actor for anyone with an affiliation to \u00c5bo Akademi University, regardless of age or field of study.<\/li>\n<li>We want to create an active and committed alumni community in an academic environment.<\/li>\n<\/ul>\n<h2>2 Positioning<\/h2>\n<p>The association\u2019s activities are similar to the activities of student associations and trade unions, but due to the age spread of its membership, the interests of its target group vary. Interdisciplinarity and proximity to \u00c5bo Akademi University and \u00c5bo Akademi University\u2019s Student Union are emphasised in the activities of \u00c5bo Akademi University\u2019s Alumni.<\/p>\n<p>To add to the complexity of the association\u2019s positioning, \u00c5bo Akademi University has started to implement its own alumni activities. This means that in \u00c5bo Akademi University\u2019s sphere alone, there are countless competing organisations: subject-specific subject associations, larger faculty associations, and nations with a home district connection. The aforementioned associations have alumni activities in the form of support membership or events, which \u00c5bo Akademi University\u2019s Alumni has supported financially. Outside the sphere of \u00c5bo Akademi University, there are many active trade unions and member organisations whose goal is to unite graduates in working life.<\/p>\n<p>In order to safeguard \u00c5bo Akademi University\u2019s Alumni\u2019s operations in the long run, the association needs to specialise and thus position itself for a specific niche. Close co-operation with \u00c5bo Akademi University\u2019s alumni network and the student associations\u2019 alumni activities is important. The association is open to discussions about role distribution and forms of co-operation.<\/p>\n<p><strong>2.1 \u00c5bo Akademi University\u2019s Alumni\u2019s unique selling point<\/strong><\/p>\n<p>The primary USP is the association\u2019s ability to maintain contact with a community that unites faculties and generations, and to be part of a diverse and knowledgeable group with strong social capital. \u00c5bo Akademi University\u2019s Alumni wants to establish and foster connections between alumni by organising and participating in events such as meetings, trips, and banquets together with other alumni.<\/p>\n<p>Members must receive information from \u00c5bo Akademi University and \u00c5bo Akademi University\u2019s Student Union also after being actively involved with them. They must be able to contribute to current activities at \u00c5bo Akademi University and \u00c5bo Akademi University\u2019s Student Union, and help students find their place in working life through support for and participation in Career Contact.<br \/>As an ongoing member benefit, membership in \u00c5bo Akademi University\u2019s Alumni includes a subscription to the Meddelanden magazine from \u00c5bo Akademi University.<\/p>\n<h2>3 Action plan and primary objectives<\/h2>\n<p>Measures are followed up on in tabular form in respect of administration reports, status reports, and updates in 2023.<\/p>\n<p><strong>3.1 Sustainable processes for the association\u2019s administration<\/strong><\/p>\n<p>Voluntary involvement in the association is rewarding thanks to positive collaboration with other members, clear processes, well-functioning tools, and a motivating division of work. The membership base and partners are given opportunities to contribute to the activities.<\/p>\n<p>a. Updated membership register: resource savings in terms of working hours and postage, link to membership fees, up-to-date information, and access to information about the membership base<br \/>b. Communication material via electronic platforms: member newsletter two to four times a year, monthly presence on social media, event information via multiple channels, and improved communication network with other alumni activities at \u00c5bo Akademi University<br \/>c. Division of work on the basis of interests and skills, involvement of members and partners in local events: number of activities, own and supported<\/p>\n<p><strong>3.2 Celebration of the association\u2019s 100th anniversary in 2022<\/strong><\/p>\n<p>\u00c5bo Akademi University\u2019s Alumni celebrated its 100th anniversary in 2022 by strengthening awareness of the association\u2019s existence and the story of the association\u2019s purpose. The anniversary programme offered members even better opportunities to come together. The jubilee invited members to participate in a shared institution and strengthen the social capital among the membership base.<\/p>\n<p>a. clarification and dissemination of the story of the association\u2019s history and its purpose in the present: website, celebratory speech, advertising, member communication: number of communications about the association\u2019s 100th anniversary<br \/>b. anniversary programme with multiple events, such as the Brahe Ball, digital\/streamed seminar, gatherings in different locations: number of events with number of participants<br \/>c. participation of alumni who have made a name for themselves in society<\/p>\n<p><strong>3.3 Growth of the membership base in all age groups and increase in its diversity<\/strong><\/p>\n<p>The membership base\u2019s social capital is evolving in several directions. Membership recruitment that takes into account the diversity of alumni contributes to a strong membership base.<\/p>\n<p>a. increase the number of members through networks and events: update the membership form, connect to the member register, disseminate information through existing networks and events with geographical spread, business cards, advertisements, and flyers (A6 or bookmark): number of members<br \/>b. capture graduated new alumni: create processes to capture and welcome graduates, co-operate with \u00c5bo Akademi University and \u00c5bo Akademi University\u2019s Student Union, congratulatory and welcome letters, inclusion in member register, welcome\/graduation party: number of paying members after the free period<br \/>c. outreach via nations and subject associations at \u00c5bo Akademi University\u2019s Student Union<\/p>\n<p>Approved by the board 23 March 2021<\/p>\t\t\t\t\t\t\t\t<\/div>\n\t\t\t\t<\/div>\n\t\t\t\t\t<\/div>\n\t\t<\/div>\n\t\t\t\t\t<\/div>\n\t\t<\/section>\n\t\t\t\t<\/div>\n\t\t","protected":false},"excerpt":{"rendered":"<p>Strategy for \u00c5bo Akademi University\u2019s Alumni 2021\u20132025 1 Purpose \u00c5bo Akademi University\u2019s Alumni brings together experience and preserves traditions from its hundred years of operation. The purpose of the association is to provide not-for-profit and financial support to \u00c5bo Akademi University and \u00c5bo Akademi University\u2019s Student Union, as well as to maintain contact with and [&hellip;]<\/p>\n","protected":false},"author":1,"featured_media":0,"parent":0,"menu_order":0,"comment_status":"closed","ping_status":"closed","template":"elementor_header_footer","meta":{"footnotes":""},"class_list":["post-1541","page","type-page","status-publish","hentry"],"yoast_head":"<!-- This site is optimized with the Yoast SEO plugin v24.5 - https:\/\/yoast.com\/wordpress\/plugins\/seo\/ -->\n<title>Strategy for \u00c5bo Akademis Alumner 2021-2025 - \u00c5bo Akademis Alumner<\/title>\n<meta name=\"robots\" content=\"index, follow, max-snippet:-1, max-image-preview:large, max-video-preview:-1\" \/>\n<link rel=\"canonical\" href=\"https:\/\/aboakademisalumner.fi\/en\/strategy\/\" \/>\n<meta property=\"og:locale\" content=\"en_US\" \/>\n<meta property=\"og:type\" content=\"article\" \/>\n<meta property=\"og:title\" content=\"Strategy for \u00c5bo Akademis Alumner 2021-2025 - \u00c5bo Akademis Alumner\" \/>\n<meta property=\"og:description\" content=\"Strategy for \u00c5bo Akademi University\u2019s Alumni 2021\u20132025 1 Purpose \u00c5bo Akademi University\u2019s Alumni brings together experience and preserves traditions from its hundred years of operation. The purpose of the association is to provide not-for-profit and financial support to \u00c5bo Akademi University and \u00c5bo Akademi University\u2019s Student Union, as well as to maintain contact with and [&hellip;]\" \/>\n<meta property=\"og:url\" content=\"https:\/\/aboakademisalumner.fi\/en\/strategy\/\" \/>\n<meta property=\"og:site_name\" content=\"\u00c5bo Akademis Alumner\" \/>\n<meta property=\"article:modified_time\" content=\"2025-02-22T16:36:21+00:00\" \/>\n<meta name=\"twitter:card\" content=\"summary_large_image\" \/>\n<meta name=\"twitter:label1\" content=\"Est. reading time\" \/>\n\t<meta name=\"twitter:data1\" content=\"6 minutes\" \/>\n<script type=\"application\/ld+json\" class=\"yoast-schema-graph\">{\"@context\":\"https:\/\/schema.org\",\"@graph\":[{\"@type\":\"WebPage\",\"@id\":\"https:\/\/aboakademisalumner.fi\/en\/strategy\/\",\"url\":\"https:\/\/aboakademisalumner.fi\/en\/strategy\/\",\"name\":\"Strategy for \u00c5bo Akademis Alumner 2021-2025 - \u00c5bo Akademis Alumner\",\"isPartOf\":{\"@id\":\"https:\/\/aboakademisalumner.fi\/#website\"},\"datePublished\":\"2022-11-04T11:14:46+00:00\",\"dateModified\":\"2025-02-22T16:36:21+00:00\",\"breadcrumb\":{\"@id\":\"https:\/\/aboakademisalumner.fi\/en\/strategy\/#breadcrumb\"},\"inLanguage\":\"en-US\",\"potentialAction\":[{\"@type\":\"ReadAction\",\"target\":[\"https:\/\/aboakademisalumner.fi\/en\/strategy\/\"]}]},{\"@type\":\"BreadcrumbList\",\"@id\":\"https:\/\/aboakademisalumner.fi\/en\/strategy\/#breadcrumb\",\"itemListElement\":[{\"@type\":\"ListItem\",\"position\":1,\"name\":\"Hem\",\"item\":\"https:\/\/aboakademisalumner.fi\/en\/home\/\"},{\"@type\":\"ListItem\",\"position\":2,\"name\":\"Strategy for \u00c5bo Akademis Alumner 2021-2025\"}]},{\"@type\":\"WebSite\",\"@id\":\"https:\/\/aboakademisalumner.fi\/#website\",\"url\":\"https:\/\/aboakademisalumner.fi\/\",\"name\":\"\u00c5bo Akademis Alumner\",\"description\":\"\",\"publisher\":{\"@id\":\"https:\/\/aboakademisalumner.fi\/#organization\"},\"potentialAction\":[{\"@type\":\"SearchAction\",\"target\":{\"@type\":\"EntryPoint\",\"urlTemplate\":\"https:\/\/aboakademisalumner.fi\/?s={search_term_string}\"},\"query-input\":{\"@type\":\"PropertyValueSpecification\",\"valueRequired\":true,\"valueName\":\"search_term_string\"}}],\"inLanguage\":\"en-US\"},{\"@type\":\"Organization\",\"@id\":\"https:\/\/aboakademisalumner.fi\/#organization\",\"name\":\"\u00c5bo Akademis Alumner\",\"url\":\"https:\/\/aboakademisalumner.fi\/\",\"logo\":{\"@type\":\"ImageObject\",\"inLanguage\":\"en-US\",\"@id\":\"https:\/\/aboakademisalumner.fi\/#\/schema\/logo\/image\/\",\"url\":\"https:\/\/aboakademisalumner.fi\/wp-content\/uploads\/2022\/11\/abo-akademis-alumner-logo.svg\",\"contentUrl\":\"https:\/\/aboakademisalumner.fi\/wp-content\/uploads\/2022\/11\/abo-akademis-alumner-logo.svg\",\"width\":136,\"height\":92,\"caption\":\"\u00c5bo Akademis Alumner\"},\"image\":{\"@id\":\"https:\/\/aboakademisalumner.fi\/#\/schema\/logo\/image\/\"}}]}<\/script>\n<!-- \/ Yoast SEO plugin. -->","yoast_head_json":{"title":"Strategy for \u00c5bo Akademis Alumner 2021-2025 - \u00c5bo Akademis Alumner","robots":{"index":"index","follow":"follow","max-snippet":"max-snippet:-1","max-image-preview":"max-image-preview:large","max-video-preview":"max-video-preview:-1"},"canonical":"https:\/\/aboakademisalumner.fi\/en\/strategy\/","og_locale":"en_US","og_type":"article","og_title":"Strategy for \u00c5bo Akademis Alumner 2021-2025 - \u00c5bo Akademis Alumner","og_description":"Strategy for \u00c5bo Akademi University\u2019s Alumni 2021\u20132025 1 Purpose \u00c5bo Akademi University\u2019s Alumni brings together experience and preserves traditions from its hundred years of operation. The purpose of the association is to provide not-for-profit and financial support to \u00c5bo Akademi University and \u00c5bo Akademi University\u2019s Student Union, as well as to maintain contact with and [&hellip;]","og_url":"https:\/\/aboakademisalumner.fi\/en\/strategy\/","og_site_name":"\u00c5bo Akademis Alumner","article_modified_time":"2025-02-22T16:36:21+00:00","twitter_card":"summary_large_image","twitter_misc":{"Est. reading time":"6 minutes"},"schema":{"@context":"https:\/\/schema.org","@graph":[{"@type":"WebPage","@id":"https:\/\/aboakademisalumner.fi\/en\/strategy\/","url":"https:\/\/aboakademisalumner.fi\/en\/strategy\/","name":"Strategy for \u00c5bo Akademis Alumner 2021-2025 - \u00c5bo Akademis Alumner","isPartOf":{"@id":"https:\/\/aboakademisalumner.fi\/#website"},"datePublished":"2022-11-04T11:14:46+00:00","dateModified":"2025-02-22T16:36:21+00:00","breadcrumb":{"@id":"https:\/\/aboakademisalumner.fi\/en\/strategy\/#breadcrumb"},"inLanguage":"en-US","potentialAction":[{"@type":"ReadAction","target":["https:\/\/aboakademisalumner.fi\/en\/strategy\/"]}]},{"@type":"BreadcrumbList","@id":"https:\/\/aboakademisalumner.fi\/en\/strategy\/#breadcrumb","itemListElement":[{"@type":"ListItem","position":1,"name":"Hem","item":"https:\/\/aboakademisalumner.fi\/en\/home\/"},{"@type":"ListItem","position":2,"name":"Strategy for \u00c5bo Akademis Alumner 2021-2025"}]},{"@type":"WebSite","@id":"https:\/\/aboakademisalumner.fi\/#website","url":"https:\/\/aboakademisalumner.fi\/","name":"\u00c5bo Akademis Alumner","description":"","publisher":{"@id":"https:\/\/aboakademisalumner.fi\/#organization"},"potentialAction":[{"@type":"SearchAction","target":{"@type":"EntryPoint","urlTemplate":"https:\/\/aboakademisalumner.fi\/?s={search_term_string}"},"query-input":{"@type":"PropertyValueSpecification","valueRequired":true,"valueName":"search_term_string"}}],"inLanguage":"en-US"},{"@type":"Organization","@id":"https:\/\/aboakademisalumner.fi\/#organization","name":"\u00c5bo Akademis Alumner","url":"https:\/\/aboakademisalumner.fi\/","logo":{"@type":"ImageObject","inLanguage":"en-US","@id":"https:\/\/aboakademisalumner.fi\/#\/schema\/logo\/image\/","url":"https:\/\/aboakademisalumner.fi\/wp-content\/uploads\/2022\/11\/abo-akademis-alumner-logo.svg","contentUrl":"https:\/\/aboakademisalumner.fi\/wp-content\/uploads\/2022\/11\/abo-akademis-alumner-logo.svg","width":136,"height":92,"caption":"\u00c5bo Akademis Alumner"},"image":{"@id":"https:\/\/aboakademisalumner.fi\/#\/schema\/logo\/image\/"}}]}},"_links":{"self":[{"href":"https:\/\/aboakademisalumner.fi\/en\/wp-json\/wp\/v2\/pages\/1541","targetHints":{"allow":["GET"]}}],"collection":[{"href":"https:\/\/aboakademisalumner.fi\/en\/wp-json\/wp\/v2\/pages"}],"about":[{"href":"https:\/\/aboakademisalumner.fi\/en\/wp-json\/wp\/v2\/types\/page"}],"author":[{"embeddable":true,"href":"https:\/\/aboakademisalumner.fi\/en\/wp-json\/wp\/v2\/users\/1"}],"replies":[{"embeddable":true,"href":"https:\/\/aboakademisalumner.fi\/en\/wp-json\/wp\/v2\/comments?post=1541"}],"version-history":[{"count":7,"href":"https:\/\/aboakademisalumner.fi\/en\/wp-json\/wp\/v2\/pages\/1541\/revisions"}],"predecessor-version":[{"id":2176,"href":"https:\/\/aboakademisalumner.fi\/en\/wp-json\/wp\/v2\/pages\/1541\/revisions\/2176"}],"wp:attachment":[{"href":"https:\/\/aboakademisalumner.fi\/en\/wp-json\/wp\/v2\/media?parent=1541"}],"curies":[{"name":"wp","href":"https:\/\/api.w.org\/{rel}","templated":true}]}}