{"id":1538,"date":"2022-11-02T09:42:34","date_gmt":"2022-11-02T09:42:34","guid":{"rendered":"https:\/\/aboakademisalumner.fi\/projektstod\/"},"modified":"2025-02-22T16:36:21","modified_gmt":"2025-02-22T16:36:21","slug":"project-funding","status":"publish","type":"page","link":"https:\/\/aboakademisalumner.fi\/en\/project-funding\/","title":{"rendered":"Project funding"},"content":{"rendered":"\t\t<div data-elementor-type=\"wp-page\" data-elementor-id=\"1538\" class=\"elementor elementor-1538 elementor-17\" data-elementor-post-type=\"page\">\n\t\t\t\t\t\t<section class=\"elementor-section elementor-top-section elementor-element elementor-element-df08151 elementor-section-boxed elementor-section-height-default elementor-section-height-default\" data-id=\"df08151\" data-element_type=\"section\">\n\t\t\t\t\t\t<div class=\"elementor-container elementor-column-gap-default\">\n\t\t\t\t\t<div class=\"elementor-column elementor-col-100 elementor-top-column elementor-element elementor-element-0830dc5\" data-id=\"0830dc5\" data-element_type=\"column\">\n\t\t\t<div class=\"elementor-widget-wrap elementor-element-populated\">\n\t\t\t\t\t\t<div class=\"elementor-element elementor-element-6ea2ab7 elementor-widget elementor-widget-heading\" data-id=\"6ea2ab7\" data-element_type=\"widget\" data-widget_type=\"heading.default\">\n\t\t\t\t<div class=\"elementor-widget-container\">\n\t\t\t\t\t<h1 class=\"elementor-heading-title elementor-size-default\">\u00c5bo Akademi University\u2019s Alumni\u2019s project funding for alumni events<\/h1>\t\t\t\t<\/div>\n\t\t\t\t<\/div>\n\t\t\t\t\t<\/div>\n\t\t<\/div>\n\t\t\t\t\t<\/div>\n\t\t<\/section>\n\t\t\t\t<section class=\"elementor-section elementor-top-section elementor-element elementor-element-7294bce elementor-section-boxed elementor-section-height-default elementor-section-height-default\" data-id=\"7294bce\" data-element_type=\"section\">\n\t\t\t\t\t\t<div class=\"elementor-container elementor-column-gap-default\">\n\t\t\t\t\t<div class=\"elementor-column elementor-col-100 elementor-top-column elementor-element elementor-element-08f7682\" data-id=\"08f7682\" data-element_type=\"column\">\n\t\t\t<div class=\"elementor-widget-wrap elementor-element-populated\">\n\t\t\t\t\t\t<div class=\"elementor-element elementor-element-4ed6b66 elementor-widget elementor-widget-heading\" data-id=\"4ed6b66\" data-element_type=\"widget\" data-widget_type=\"heading.default\">\n\t\t\t\t<div class=\"elementor-widget-container\">\n\t\t\t\t\t<h2 class=\"elementor-heading-title elementor-size-default\">\u00c5bo Akademi University\u2019s Alumni rf wants to maintain a strong community with an interest in \u00c5bo Akademi University and \u00c5bo Akademi University\u2019s Student Union.<\/h2>\t\t\t\t<\/div>\n\t\t\t\t<\/div>\n\t\t\t\t<div class=\"elementor-element elementor-element-4bb22c9 elementor-widget elementor-widget-text-editor\" data-id=\"4bb22c9\" data-element_type=\"widget\" data-widget_type=\"text-editor.default\">\n\t\t\t\t<div class=\"elementor-widget-container\">\n\t\t\t\t\t\t\t\t\t<p>Funding is available for rent, travel, printing costs, and marketing for an<br \/>alumni event that is publicly advertised and that also welcomes alumni who have not<br \/>previously participated in the association\u2019s activities.<\/p><p>Funding is not granted for employment, fees, or subsistence. Funding<br \/>cannot be used for events or projects carried out<br \/>before the application\u2019s submission.<\/p><p><span lang=\"SV\">After three years of funding topics and associations<br \/>at \u00c5bo Akademi University to strengthen alumni contacts, the focus of the association now lies on its members\u2019 own alumni events. <\/span><\/p><p><span lang=\"SV\">Funding will not be granted for other alumni associations and applicant needs to be a member of this association.<\/span><\/p>\t\t\t\t\t\t\t\t<\/div>\n\t\t\t\t<\/div>\n\t\t\t\t<div class=\"elementor-element elementor-element-6a40e93 elementor-align-center elementor-widget elementor-widget-button\" data-id=\"6a40e93\" data-element_type=\"widget\" data-widget_type=\"button.default\">\n\t\t\t\t<div class=\"elementor-widget-container\">\n\t\t\t\t\t\t\t\t\t<div class=\"elementor-button-wrapper\">\n\t\t\t\t\t<a class=\"elementor-button elementor-button-link elementor-size-sm\" href=\"https:\/\/aboakademisalumner.fi\/en\/apply-for-funding\/\">\n\t\t\t\t\t\t<span class=\"elementor-button-content-wrapper\">\n\t\t\t\t\t\t\t\t\t<span class=\"elementor-button-text\">Apply for funding<\/span>\n\t\t\t\t\t<\/span>\n\t\t\t\t\t<\/a>\n\t\t\t\t<\/div>\n\t\t\t\t\t\t\t\t<\/div>\n\t\t\t\t<\/div>\n\t\t\t\t\t<\/div>\n\t\t<\/div>\n\t\t\t\t\t<\/div>\n\t\t<\/section>\n\t\t\t\t<section class=\"elementor-section elementor-top-section elementor-element elementor-element-2997dda elementor-hidden-desktop elementor-hidden-tablet_extra elementor-hidden-tablet elementor-hidden-mobile_extra elementor-hidden-mobile elementor-section-boxed elementor-section-height-default elementor-section-height-default\" data-id=\"2997dda\" data-element_type=\"section\">\n\t\t\t\t\t\t<div class=\"elementor-container elementor-column-gap-default\">\n\t\t\t\t\t<div class=\"elementor-column elementor-col-100 elementor-top-column elementor-element elementor-element-e242bee\" data-id=\"e242bee\" data-element_type=\"column\">\n\t\t\t<div class=\"elementor-widget-wrap elementor-element-populated\">\n\t\t\t\t\t\t<div class=\"elementor-element elementor-element-a51b96d elementor-widget elementor-widget-heading\" data-id=\"a51b96d\" data-element_type=\"widget\" data-widget_type=\"heading.default\">\n\t\t\t\t<div class=\"elementor-widget-container\">\n\t\t\t\t\t<h2 class=\"elementor-heading-title elementor-size-default\">FAQ: projektst\u00f6d f\u00f6r alumnverksamhet<\/h2>\t\t\t\t<\/div>\n\t\t\t\t<\/div>\n\t\t\t\t<div class=\"elementor-element elementor-element-99ea25b elementor-widget elementor-widget-text-editor\" data-id=\"99ea25b\" data-element_type=\"widget\" data-widget_type=\"text-editor.default\">\n\t\t\t\t<div class=\"elementor-widget-container\">\n\t\t\t\t\t\t\t\t\t<p>\u00c5bo Akademis Alumner vill uppr\u00e4tth\u00e5lla och f\u00f6rst\u00e4rka gemenskapen bland tidigare personal, studerande och medlemmar vid \u00c5bo Akademi och \u00c5bo Akademis Studentk\u00e5r.<\/p><p>F\u00f6r att m\u00f6jligg\u00f6ra aktiviteter som uppr\u00e4tth\u00e5ller kontakter till och intresse f\u00f6r dessa har styrelsen ledigansl\u00e5r \u00c5bo Akademis Alumner rf \u00e5rligen projektst\u00f6d f\u00f6r alumnverksamhet. Ans\u00f6kningstiden infaller p\u00e5 h\u00f6sten och annonseras i f\u00f6reningens medlemsbrev och p\u00e5 dess facebooksida.<\/p><p><i>Kan vi betala ut f\u00f6rel\u00e4sningsarvode till en alumnf\u00f6rel\u00e4sare inom ramen f\u00f6r projektst\u00f6det?<\/i><br \/>Nej, det g\u00e5r i regel inte. N\u00e4r du engagerar en alumnf\u00f6rel\u00e4sare, ska du helt enkelt fr\u00e5ga om hen kan t\u00e4nka sig att ge en pro bono-f\u00f6rel\u00e4sning, \/-presentation eller vad det nu kan r\u00f6ra sig om. D\u00e4remot g\u00e5r det bra att st\u00e5 f\u00f6r f\u00f6rel\u00e4sarens rese- och inkvarteringskostnader, bjuda p\u00e5 lunch osv.<\/p><p><i>Vi planerar ett stort alumnevenemang och t\u00e4nker anst\u00e4lla en person f\u00f6r att f\u00f6rverkliga det. Kan vi ans\u00f6ka om projektst\u00f6d till det?<\/i><br \/>Nej, bidraget kan varken anv\u00e4ndas till anst\u00e4llningar eller till utbetalning av arvoden.<\/p><p><i>Vi har ans\u00f6kt om projektst\u00f6d f\u00f6r att arrangera ett alumnevenemang, men av olika orsaker kommer det inte att bli av. D\u00e4rf\u00f6r vill vi nu skjuta upp den till n\u00e4sta \u00e5r. G\u00e5r det f\u00f6r sig?<\/i><br \/>Det g\u00e5r i regel inte att \u00f6verf\u00f6ra bidrag till n\u00e4sta \u00e5r, utan ni rekommenderas att s\u00f6ka igen vid n\u00e4sta ans\u00f6kningsomg\u00e5ng.<\/p><p><i>Vad betyder det att \u00c5bo Akademis Alumner ska ges synlighet i samband med genomf\u00f6rande av projektet?<\/i><br \/>Kontakta f\u00f6reningen via alumnforening@abo.fi f\u00f6r att komma \u00f6verens vad det kan handla om i ert fall. Som exempel kan f\u00f6reningens marknadsf\u00f6ringsmaterial delas vid evenemang eller f\u00f6reningen n\u00e4mnas i h\u00e4lsnings-\/avslutningstal. Ni kan bidra med material f\u00f6r att delas via f\u00f6reningens informationskanaler, anv\u00e4nda er av #aboakademiker i samband med evenemanget och dela l\u00e4nken till f\u00f6reningens medlemsblankett bland deltagarna. Ansvaret f\u00f6r synligheten ligger p\u00e5 evenemangets arrang\u00f6r och \u00e4r en f\u00f6ruts\u00e4ttning f\u00f6r utbetalningen av bidrag.<\/p><p><i>Fick du svar p\u00e5 din fr\u00e5ga?<\/i><br \/>F\u00f6r mera information kontakta f\u00f6reningen via alumnforening@abo.fi.<\/p>\t\t\t\t\t\t\t\t<\/div>\n\t\t\t\t<\/div>\n\t\t\t\t\t<\/div>\n\t\t<\/div>\n\t\t\t\t\t<\/div>\n\t\t<\/section>\n\t\t\t\t<\/div>\n\t\t","protected":false},"excerpt":{"rendered":"<p>\u00c5bo Akademi University\u2019s Alumni\u2019s project funding for alumni events \u00c5bo Akademi University\u2019s Alumni rf wants to maintain a strong community with an interest in \u00c5bo Akademi University and \u00c5bo Akademi University\u2019s Student Union. Funding is available for rent, travel, printing costs, and marketing for analumni event that is publicly advertised and that also welcomes alumni [&hellip;]<\/p>\n","protected":false},"author":1,"featured_media":0,"parent":0,"menu_order":0,"comment_status":"closed","ping_status":"closed","template":"elementor_header_footer","meta":{"footnotes":""},"class_list":["post-1538","page","type-page","status-publish","hentry"],"yoast_head":"<!-- This site is optimized with the Yoast SEO plugin v24.5 - https:\/\/yoast.com\/wordpress\/plugins\/seo\/ -->\n<title>Project funding - \u00c5bo Akademis Alumner<\/title>\n<meta name=\"robots\" content=\"index, follow, max-snippet:-1, max-image-preview:large, max-video-preview:-1\" \/>\n<link rel=\"canonical\" href=\"https:\/\/aboakademisalumner.fi\/en\/project-funding\/\" \/>\n<meta property=\"og:locale\" content=\"en_US\" \/>\n<meta property=\"og:type\" content=\"article\" \/>\n<meta property=\"og:title\" content=\"Project funding - \u00c5bo Akademis Alumner\" \/>\n<meta property=\"og:description\" content=\"\u00c5bo Akademi University\u2019s Alumni\u2019s project funding for alumni events \u00c5bo Akademi University\u2019s Alumni rf wants to maintain a strong community with an interest in \u00c5bo Akademi University and \u00c5bo Akademi University\u2019s Student Union. Funding is available for rent, travel, printing costs, and marketing for analumni event that is publicly advertised and that also welcomes alumni [&hellip;]\" \/>\n<meta property=\"og:url\" content=\"https:\/\/aboakademisalumner.fi\/en\/project-funding\/\" \/>\n<meta property=\"og:site_name\" content=\"\u00c5bo Akademis Alumner\" \/>\n<meta property=\"article:modified_time\" content=\"2025-02-22T16:36:21+00:00\" \/>\n<meta name=\"twitter:card\" content=\"summary_large_image\" \/>\n<meta name=\"twitter:label1\" content=\"Est. reading time\" \/>\n\t<meta name=\"twitter:data1\" content=\"3 minutes\" \/>\n<script type=\"application\/ld+json\" class=\"yoast-schema-graph\">{\"@context\":\"https:\/\/schema.org\",\"@graph\":[{\"@type\":\"WebPage\",\"@id\":\"https:\/\/aboakademisalumner.fi\/en\/project-funding\/\",\"url\":\"https:\/\/aboakademisalumner.fi\/en\/project-funding\/\",\"name\":\"Project funding - \u00c5bo Akademis Alumner\",\"isPartOf\":{\"@id\":\"https:\/\/aboakademisalumner.fi\/#website\"},\"datePublished\":\"2022-11-02T09:42:34+00:00\",\"dateModified\":\"2025-02-22T16:36:21+00:00\",\"breadcrumb\":{\"@id\":\"https:\/\/aboakademisalumner.fi\/en\/project-funding\/#breadcrumb\"},\"inLanguage\":\"en-US\",\"potentialAction\":[{\"@type\":\"ReadAction\",\"target\":[\"https:\/\/aboakademisalumner.fi\/en\/project-funding\/\"]}]},{\"@type\":\"BreadcrumbList\",\"@id\":\"https:\/\/aboakademisalumner.fi\/en\/project-funding\/#breadcrumb\",\"itemListElement\":[{\"@type\":\"ListItem\",\"position\":1,\"name\":\"Hem\",\"item\":\"https:\/\/aboakademisalumner.fi\/en\/home\/\"},{\"@type\":\"ListItem\",\"position\":2,\"name\":\"Project funding\"}]},{\"@type\":\"WebSite\",\"@id\":\"https:\/\/aboakademisalumner.fi\/#website\",\"url\":\"https:\/\/aboakademisalumner.fi\/\",\"name\":\"\u00c5bo Akademis Alumner\",\"description\":\"\",\"publisher\":{\"@id\":\"https:\/\/aboakademisalumner.fi\/#organization\"},\"potentialAction\":[{\"@type\":\"SearchAction\",\"target\":{\"@type\":\"EntryPoint\",\"urlTemplate\":\"https:\/\/aboakademisalumner.fi\/?s={search_term_string}\"},\"query-input\":{\"@type\":\"PropertyValueSpecification\",\"valueRequired\":true,\"valueName\":\"search_term_string\"}}],\"inLanguage\":\"en-US\"},{\"@type\":\"Organization\",\"@id\":\"https:\/\/aboakademisalumner.fi\/#organization\",\"name\":\"\u00c5bo Akademis Alumner\",\"url\":\"https:\/\/aboakademisalumner.fi\/\",\"logo\":{\"@type\":\"ImageObject\",\"inLanguage\":\"en-US\",\"@id\":\"https:\/\/aboakademisalumner.fi\/#\/schema\/logo\/image\/\",\"url\":\"https:\/\/aboakademisalumner.fi\/wp-content\/uploads\/2022\/11\/abo-akademis-alumner-logo.svg\",\"contentUrl\":\"https:\/\/aboakademisalumner.fi\/wp-content\/uploads\/2022\/11\/abo-akademis-alumner-logo.svg\",\"width\":136,\"height\":92,\"caption\":\"\u00c5bo Akademis Alumner\"},\"image\":{\"@id\":\"https:\/\/aboakademisalumner.fi\/#\/schema\/logo\/image\/\"}}]}<\/script>\n<!-- \/ Yoast SEO plugin. -->","yoast_head_json":{"title":"Project funding - \u00c5bo Akademis Alumner","robots":{"index":"index","follow":"follow","max-snippet":"max-snippet:-1","max-image-preview":"max-image-preview:large","max-video-preview":"max-video-preview:-1"},"canonical":"https:\/\/aboakademisalumner.fi\/en\/project-funding\/","og_locale":"en_US","og_type":"article","og_title":"Project funding - \u00c5bo Akademis Alumner","og_description":"\u00c5bo Akademi University\u2019s Alumni\u2019s project funding for alumni events \u00c5bo Akademi University\u2019s Alumni rf wants to maintain a strong community with an interest in \u00c5bo Akademi University and \u00c5bo Akademi University\u2019s Student Union. Funding is available for rent, travel, printing costs, and marketing for analumni event that is publicly advertised and that also welcomes alumni [&hellip;]","og_url":"https:\/\/aboakademisalumner.fi\/en\/project-funding\/","og_site_name":"\u00c5bo Akademis Alumner","article_modified_time":"2025-02-22T16:36:21+00:00","twitter_card":"summary_large_image","twitter_misc":{"Est. reading time":"3 minutes"},"schema":{"@context":"https:\/\/schema.org","@graph":[{"@type":"WebPage","@id":"https:\/\/aboakademisalumner.fi\/en\/project-funding\/","url":"https:\/\/aboakademisalumner.fi\/en\/project-funding\/","name":"Project funding - \u00c5bo Akademis Alumner","isPartOf":{"@id":"https:\/\/aboakademisalumner.fi\/#website"},"datePublished":"2022-11-02T09:42:34+00:00","dateModified":"2025-02-22T16:36:21+00:00","breadcrumb":{"@id":"https:\/\/aboakademisalumner.fi\/en\/project-funding\/#breadcrumb"},"inLanguage":"en-US","potentialAction":[{"@type":"ReadAction","target":["https:\/\/aboakademisalumner.fi\/en\/project-funding\/"]}]},{"@type":"BreadcrumbList","@id":"https:\/\/aboakademisalumner.fi\/en\/project-funding\/#breadcrumb","itemListElement":[{"@type":"ListItem","position":1,"name":"Hem","item":"https:\/\/aboakademisalumner.fi\/en\/home\/"},{"@type":"ListItem","position":2,"name":"Project funding"}]},{"@type":"WebSite","@id":"https:\/\/aboakademisalumner.fi\/#website","url":"https:\/\/aboakademisalumner.fi\/","name":"\u00c5bo Akademis Alumner","description":"","publisher":{"@id":"https:\/\/aboakademisalumner.fi\/#organization"},"potentialAction":[{"@type":"SearchAction","target":{"@type":"EntryPoint","urlTemplate":"https:\/\/aboakademisalumner.fi\/?s={search_term_string}"},"query-input":{"@type":"PropertyValueSpecification","valueRequired":true,"valueName":"search_term_string"}}],"inLanguage":"en-US"},{"@type":"Organization","@id":"https:\/\/aboakademisalumner.fi\/#organization","name":"\u00c5bo Akademis Alumner","url":"https:\/\/aboakademisalumner.fi\/","logo":{"@type":"ImageObject","inLanguage":"en-US","@id":"https:\/\/aboakademisalumner.fi\/#\/schema\/logo\/image\/","url":"https:\/\/aboakademisalumner.fi\/wp-content\/uploads\/2022\/11\/abo-akademis-alumner-logo.svg","contentUrl":"https:\/\/aboakademisalumner.fi\/wp-content\/uploads\/2022\/11\/abo-akademis-alumner-logo.svg","width":136,"height":92,"caption":"\u00c5bo Akademis Alumner"},"image":{"@id":"https:\/\/aboakademisalumner.fi\/#\/schema\/logo\/image\/"}}]}},"_links":{"self":[{"href":"https:\/\/aboakademisalumner.fi\/en\/wp-json\/wp\/v2\/pages\/1538","targetHints":{"allow":["GET"]}}],"collection":[{"href":"https:\/\/aboakademisalumner.fi\/en\/wp-json\/wp\/v2\/pages"}],"about":[{"href":"https:\/\/aboakademisalumner.fi\/en\/wp-json\/wp\/v2\/types\/page"}],"author":[{"embeddable":true,"href":"https:\/\/aboakademisalumner.fi\/en\/wp-json\/wp\/v2\/users\/1"}],"replies":[{"embeddable":true,"href":"https:\/\/aboakademisalumner.fi\/en\/wp-json\/wp\/v2\/comments?post=1538"}],"version-history":[{"count":9,"href":"https:\/\/aboakademisalumner.fi\/en\/wp-json\/wp\/v2\/pages\/1538\/revisions"}],"predecessor-version":[{"id":2189,"href":"https:\/\/aboakademisalumner.fi\/en\/wp-json\/wp\/v2\/pages\/1538\/revisions\/2189"}],"wp:attachment":[{"href":"https:\/\/aboakademisalumner.fi\/en\/wp-json\/wp\/v2\/media?parent=1538"}],"curies":[{"name":"wp","href":"https:\/\/api.w.org\/{rel}","templated":true}]}}