{"id":1527,"date":"2022-11-02T09:43:00","date_gmt":"2022-11-02T09:43:00","guid":{"rendered":"https:\/\/aboakademisalumner.fi\/aktuellt\/"},"modified":"2025-02-22T16:36:21","modified_gmt":"2025-02-22T16:36:21","slug":"news","status":"publish","type":"page","link":"https:\/\/aboakademisalumner.fi\/en\/news\/","title":{"rendered":"News"},"content":{"rendered":"\t\t<div data-elementor-type=\"wp-page\" data-elementor-id=\"1527\" class=\"elementor elementor-1527 elementor-21\" data-elementor-post-type=\"page\">\n\t\t\t\t\t\t<section class=\"elementor-section elementor-top-section elementor-element elementor-element-f063b23 elementor-section-boxed elementor-section-height-default elementor-section-height-default\" data-id=\"f063b23\" data-element_type=\"section\">\n\t\t\t\t\t\t<div class=\"elementor-container elementor-column-gap-default\">\n\t\t\t\t\t<div class=\"elementor-column elementor-col-100 elementor-top-column elementor-element elementor-element-2d44761\" data-id=\"2d44761\" data-element_type=\"column\">\n\t\t\t<div class=\"elementor-widget-wrap elementor-element-populated\">\n\t\t\t\t\t\t<div class=\"elementor-element elementor-element-60532f7 elementor-widget elementor-widget-heading\" data-id=\"60532f7\" data-element_type=\"widget\" data-widget_type=\"heading.default\">\n\t\t\t\t<div class=\"elementor-widget-container\">\n\t\t\t\t\t<h1 class=\"elementor-heading-title elementor-size-default\">News<\/h1>\t\t\t\t<\/div>\n\t\t\t\t<\/div>\n\t\t\t\t\t<\/div>\n\t\t<\/div>\n\t\t\t\t\t<\/div>\n\t\t<\/section>\n\t\t\t\t<section class=\"elementor-section elementor-top-section elementor-element elementor-element-f2231a6 equal-col-height elementor-section-boxed elementor-section-height-default elementor-section-height-default\" data-id=\"f2231a6\" data-element_type=\"section\">\n\t\t\t\t\t\t<div class=\"elementor-container elementor-column-gap-default\">\n\t\t\t\t\t<div class=\"elementor-column elementor-col-100 elementor-top-column elementor-element elementor-element-4b5f023\" data-id=\"4b5f023\" data-element_type=\"column\">\n\t\t\t<div class=\"elementor-widget-wrap elementor-element-populated\">\n\t\t\t\t\t\t<div class=\"elementor-element elementor-element-8675a8e elementor-grid-3 elementor-grid-tablet-2 elementor-grid-mobile-1 elementor-posts--thumbnail-top elementor-card-shadow-yes elementor-posts__hover-gradient elementor-widget elementor-widget-posts\" data-id=\"8675a8e\" data-element_type=\"widget\" data-settings=\"{&quot;cards_columns&quot;:&quot;3&quot;,&quot;cards_columns_tablet&quot;:&quot;2&quot;,&quot;cards_columns_mobile&quot;:&quot;1&quot;,&quot;cards_row_gap&quot;:{&quot;unit&quot;:&quot;px&quot;,&quot;size&quot;:35,&quot;sizes&quot;:[]},&quot;cards_row_gap_tablet_extra&quot;:{&quot;unit&quot;:&quot;px&quot;,&quot;size&quot;:&quot;&quot;,&quot;sizes&quot;:[]},&quot;cards_row_gap_tablet&quot;:{&quot;unit&quot;:&quot;px&quot;,&quot;size&quot;:&quot;&quot;,&quot;sizes&quot;:[]},&quot;cards_row_gap_mobile_extra&quot;:{&quot;unit&quot;:&quot;px&quot;,&quot;size&quot;:&quot;&quot;,&quot;sizes&quot;:[]},&quot;cards_row_gap_mobile&quot;:{&quot;unit&quot;:&quot;px&quot;,&quot;size&quot;:&quot;&quot;,&quot;sizes&quot;:[]}}\" data-widget_type=\"posts.cards\">\n\t\t\t\t<div class=\"elementor-widget-container\">\n\t\t\t\t\t\t\t<div class=\"elementor-posts-container elementor-posts elementor-posts--skin-cards elementor-grid\">\n\t\t\t\t<article class=\"elementor-post elementor-grid-item post-2273 post type-post status-publish format-standard has-post-thumbnail hentry category-arets-alumn-en\">\n\t\t\t<div class=\"elementor-post__card\">\n\t\t\t\t<a class=\"elementor-post__thumbnail__link\" href=\"https:\/\/aboakademisalumner.fi\/en\/nathalie-ahlstrom-arets-alumn-vid-abo-akademi-2024\/\" tabindex=\"-1\" ><div class=\"elementor-post__thumbnail\"><img fetchpriority=\"high\" decoding=\"async\" width=\"608\" height=\"445\" src=\"https:\/\/aboakademisalumner.fi\/wp-content\/uploads\/2024\/11\/nathalie_005-608x445.jpg\" class=\"attachment-aktuellt-thumbnail size-aktuellt-thumbnail wp-image-2053\" alt=\"Nathalie Ahlstr\u00f6m\" \/><\/div><\/a>\n\t\t\t\t<div class=\"elementor-post__badge\">Alumnus of the year<\/div>\n\t\t\t\t<div class=\"elementor-post__text\">\n\t\t\t\t<h3 class=\"elementor-post__title\">\n\t\t\t<a href=\"https:\/\/aboakademisalumner.fi\/en\/nathalie-ahlstrom-arets-alumn-vid-abo-akademi-2024\/\" >\n\t\t\t\tFiskars-koncernens vd Nathalie Ahlstr\u00f6m \u00e5rets alumn vid \u00c5bo Akademi 2025\t\t\t<\/a>\n\t\t<\/h3>\n\t\t\t\t<div class=\"elementor-post__excerpt\">\n\t\t\t<p>Nathalie Ahlstr\u00f6m, verkst\u00e4llande direkt\u00f6r f\u00f6r Fiskars-koncernen och diplomingenj\u00f6r fr\u00e5n \u00c5bo Akademi har utsetts till \u00e5rets alumn 2024 vid \u00c5bo Akademi.<\/p>\n\t\t<\/div>\n\t\t\n\t\t<a class=\"elementor-post__read-more\" href=\"https:\/\/aboakademisalumner.fi\/en\/nathalie-ahlstrom-arets-alumn-vid-abo-akademi-2024\/\" aria-label=\"Read more about Fiskars-koncernens vd Nathalie Ahlstr\u00f6m \u00e5rets alumn vid \u00c5bo Akademi 2025\" tabindex=\"-1\" >\n\t\t\tRead More \u00bb\t\t<\/a>\n\n\t\t\t\t<\/div>\n\t\t\t\t<div class=\"elementor-post__meta-data\">\n\t\t\t\t\t<span class=\"elementor-post-date\">\n\t\t\t30.11.2024\t\t<\/span>\n\t\t\t\t<\/div>\n\t\t\t\t\t<\/div>\n\t\t<\/article>\n\t\t\t\t<article class=\"elementor-post elementor-grid-item post-2276 post type-post status-publish format-standard has-post-thumbnail hentry category-tillstallningar-och-fester-en\">\n\t\t\t<div class=\"elementor-post__card\">\n\t\t\t\t<a class=\"elementor-post__thumbnail__link\" href=\"https:\/\/aboakademisalumner.fi\/en\/alumnfest-i-vasa-2025\/\" tabindex=\"-1\" ><div class=\"elementor-post__thumbnail\"><img decoding=\"async\" width=\"608\" height=\"445\" src=\"https:\/\/aboakademisalumner.fi\/wp-content\/uploads\/2024\/10\/20240210_1825212-608x445.jpg\" class=\"attachment-aktuellt-thumbnail size-aktuellt-thumbnail wp-image-2037\" alt=\"\" \/><\/div><\/a>\n\t\t\t\t<div class=\"elementor-post__badge\">Events<\/div>\n\t\t\t\t<div class=\"elementor-post__text\">\n\t\t\t\t<h3 class=\"elementor-post__title\">\n\t\t\t<a href=\"https:\/\/aboakademisalumner.fi\/en\/alumnfest-i-vasa-2025\/\" >\n\t\t\t\tAlumnfest i Vasa 2025\t\t\t<\/a>\n\t\t<\/h3>\n\t\t\t\t<div class=\"elementor-post__excerpt\">\n\t\t\t<p>F\u00f6reningen ordnar alumnfest fredag 7.2.2025 i Vasa i Academill.<\/p>\n\t\t<\/div>\n\t\t\n\t\t<a class=\"elementor-post__read-more\" href=\"https:\/\/aboakademisalumner.fi\/en\/alumnfest-i-vasa-2025\/\" aria-label=\"Read more about Alumnfest i Vasa 2025\" tabindex=\"-1\" >\n\t\t\tRead More \u00bb\t\t<\/a>\n\n\t\t\t\t<\/div>\n\t\t\t\t<div class=\"elementor-post__meta-data\">\n\t\t\t\t\t<span class=\"elementor-post-date\">\n\t\t\t29.10.2024\t\t<\/span>\n\t\t\t\t<\/div>\n\t\t\t\t\t<\/div>\n\t\t<\/article>\n\t\t\t\t<article class=\"elementor-post elementor-grid-item post-2281 post type-post status-publish format-standard has-post-thumbnail hentry category-resor-en\">\n\t\t\t<div class=\"elementor-post__card\">\n\t\t\t\t<a class=\"elementor-post__thumbnail__link\" href=\"https:\/\/aboakademisalumner.fi\/en\/alumnresa-till-sicilien-hosten-2024\/\" tabindex=\"-1\" ><div class=\"elementor-post__thumbnail\"><img decoding=\"async\" width=\"608\" height=\"445\" src=\"https:\/\/aboakademisalumner.fi\/wp-content\/uploads\/2022\/11\/Sicilien-1-8.10-608x445.jpg\" class=\"attachment-aktuellt-thumbnail size-aktuellt-thumbnail wp-image-1944\" alt=\"\" \/><\/div><\/a>\n\t\t\t\t<div class=\"elementor-post__badge\">Trips<\/div>\n\t\t\t\t<div class=\"elementor-post__text\">\n\t\t\t\t<h3 class=\"elementor-post__title\">\n\t\t\t<a href=\"https:\/\/aboakademisalumner.fi\/en\/alumnresa-till-sicilien-hosten-2024\/\" >\n\t\t\t\tAlumnresa till Sicilien h\u00f6sten 2024\t\t\t<\/a>\n\t\t<\/h3>\n\t\t\t\t<div class=\"elementor-post__excerpt\">\n\t\t\t<p>F\u00f6reningen var p\u00e5 Alumnresa till Sicilien 1-8.10.2024. 18 medlemmar deltog.<\/p>\n\t\t<\/div>\n\t\t\n\t\t<a class=\"elementor-post__read-more\" href=\"https:\/\/aboakademisalumner.fi\/en\/alumnresa-till-sicilien-hosten-2024\/\" aria-label=\"Read more about Alumnresa till Sicilien h\u00f6sten 2024\" tabindex=\"-1\" >\n\t\t\tRead More \u00bb\t\t<\/a>\n\n\t\t\t\t<\/div>\n\t\t\t\t<div class=\"elementor-post__meta-data\">\n\t\t\t\t\t<span class=\"elementor-post-date\">\n\t\t\t18.04.2024\t\t<\/span>\n\t\t\t\t<\/div>\n\t\t\t\t\t<\/div>\n\t\t<\/article>\n\t\t\t\t<article class=\"elementor-post elementor-grid-item post-2282 post type-post status-publish format-standard hentry category-fortjansttecken-en\">\n\t\t\t<div class=\"elementor-post__card\">\n\t\t\t\t<div class=\"elementor-post__text\">\n\t\t\t\t<h3 class=\"elementor-post__title\">\n\t\t\t<a href=\"https:\/\/aboakademisalumner.fi\/en\/utdelning-av-foreningens-fortjansttecken-pa-brahebalen-2024\/\" >\n\t\t\t\tUtdelning av f\u00f6reningens f\u00f6rtj\u00e4nsttecken p\u00e5 Brahebalen 2024\t\t\t<\/a>\n\t\t<\/h3>\n\t\t\t\t<div class=\"elementor-post__excerpt\">\n\t\t\t<p>B\u00e4sta alumner och v\u00e4nner, f\u00f6reningen \u00c5bo Akademis Alumner har idag den stora gl\u00e4djen att tacka n\u00e5gra personer som genom sin verksamhet har bidragit till en<\/p>\n\t\t<\/div>\n\t\t\n\t\t<a class=\"elementor-post__read-more\" href=\"https:\/\/aboakademisalumner.fi\/en\/utdelning-av-foreningens-fortjansttecken-pa-brahebalen-2024\/\" aria-label=\"Read more about Utdelning av f\u00f6reningens f\u00f6rtj\u00e4nsttecken p\u00e5 Brahebalen 2024\" tabindex=\"-1\" >\n\t\t\tRead More \u00bb\t\t<\/a>\n\n\t\t\t\t<\/div>\n\t\t\t\t<div class=\"elementor-post__meta-data\">\n\t\t\t\t\t<span class=\"elementor-post-date\">\n\t\t\t23.02.2024\t\t<\/span>\n\t\t\t\t<\/div>\n\t\t\t\t\t<\/div>\n\t\t<\/article>\n\t\t\t\t<article class=\"elementor-post elementor-grid-item post-2283 post type-post status-publish format-standard has-post-thumbnail hentry category-akademikerpriset-en\">\n\t\t\t<div class=\"elementor-post__card\">\n\t\t\t\t<a class=\"elementor-post__thumbnail__link\" href=\"https:\/\/aboakademisalumner.fi\/en\/akademikerpris-till-filosofie-magister-inka-maria-nyman\/\" tabindex=\"-1\" ><div class=\"elementor-post__thumbnail\"><img loading=\"lazy\" decoding=\"async\" width=\"608\" height=\"445\" src=\"https:\/\/aboakademisalumner.fi\/wp-content\/uploads\/2024\/01\/Akademikerpriset-Inka-Maria-Nyman-2024-608x445.jpg\" class=\"attachment-aktuellt-thumbnail size-aktuellt-thumbnail wp-image-1927\" alt=\"\" \/><\/div><\/a>\n\t\t\t\t<div class=\"elementor-post__badge\">Academic&#039;s award<\/div>\n\t\t\t\t<div class=\"elementor-post__text\">\n\t\t\t\t<h3 class=\"elementor-post__title\">\n\t\t\t<a href=\"https:\/\/aboakademisalumner.fi\/en\/akademikerpris-till-filosofie-magister-inka-maria-nyman\/\" >\n\t\t\t\tAkademikerpris till filosofie magister Inka-Maria Nyman\t\t\t<\/a>\n\t\t<\/h3>\n\t\t\t\t<div class=\"elementor-post__excerpt\">\n\t\t\t<p>Akademikerpriset tilldelas doktorand i musikvetenskap, filosofie magister Inka-Maria Nyman f\u00f6r sina doktorandstudier inom \u00e4mnet operans mening och v\u00e4rde i det moderna samh\u00e4llet. Akademikerpriset \u00e4r ett<\/p>\n\t\t<\/div>\n\t\t\n\t\t<a class=\"elementor-post__read-more\" href=\"https:\/\/aboakademisalumner.fi\/en\/akademikerpris-till-filosofie-magister-inka-maria-nyman\/\" aria-label=\"Read more about Akademikerpris till filosofie magister Inka-Maria Nyman\" tabindex=\"-1\" >\n\t\t\tRead More \u00bb\t\t<\/a>\n\n\t\t\t\t<\/div>\n\t\t\t\t<div class=\"elementor-post__meta-data\">\n\t\t\t\t\t<span class=\"elementor-post-date\">\n\t\t\t27.01.2024\t\t<\/span>\n\t\t\t\t<\/div>\n\t\t\t\t\t<\/div>\n\t\t<\/article>\n\t\t\t\t<article class=\"elementor-post elementor-grid-item post-2284 post type-post status-publish format-standard has-post-thumbnail hentry category-arets-alumn-en\">\n\t\t\t<div class=\"elementor-post__card\">\n\t\t\t\t<a class=\"elementor-post__thumbnail__link\" href=\"https:\/\/aboakademisalumner.fi\/en\/carl-pettersson-utsedd-till-arets-aa-alumn-2023\/\" tabindex=\"-1\" ><div class=\"elementor-post__thumbnail\"><img loading=\"lazy\" decoding=\"async\" width=\"608\" height=\"445\" src=\"https:\/\/aboakademisalumner.fi\/wp-content\/uploads\/2024\/01\/pressbild_Arets-alumn_2023_webb-608x445.jpg\" class=\"attachment-aktuellt-thumbnail size-aktuellt-thumbnail wp-image-1870\" alt=\"\" \/><\/div><\/a>\n\t\t\t\t<div class=\"elementor-post__badge\">Alumnus of the year<\/div>\n\t\t\t\t<div class=\"elementor-post__text\">\n\t\t\t\t<h3 class=\"elementor-post__title\">\n\t\t\t<a href=\"https:\/\/aboakademisalumner.fi\/en\/carl-pettersson-utsedd-till-arets-aa-alumn-2023\/\" >\n\t\t\t\tCarl Pettersson utsedd till \u00c5rets \u00c5A-alumn 2023\t\t\t<\/a>\n\t\t<\/h3>\n\t\t\t\t<div class=\"elementor-post__excerpt\">\n\t\t\t<p>\u00c5bo Akademis Alumner har utsett ekonomie kandidat, EMBA Carl Pettersson till \u00e5rets alumn.<\/p>\n\t\t<\/div>\n\t\t\n\t\t<a class=\"elementor-post__read-more\" href=\"https:\/\/aboakademisalumner.fi\/en\/carl-pettersson-utsedd-till-arets-aa-alumn-2023\/\" aria-label=\"Read more about Carl Pettersson utsedd till \u00c5rets \u00c5A-alumn 2023\" tabindex=\"-1\" >\n\t\t\tRead More \u00bb\t\t<\/a>\n\n\t\t\t\t<\/div>\n\t\t\t\t<div class=\"elementor-post__meta-data\">\n\t\t\t\t\t<span class=\"elementor-post-date\">\n\t\t\t24.01.2024\t\t<\/span>\n\t\t\t\t<\/div>\n\t\t\t\t\t<\/div>\n\t\t<\/article>\n\t\t\t\t<\/div>\n\t\t\n\t\t\t\t\t\t<\/div>\n\t\t\t\t<\/div>\n\t\t\t\t\t<\/div>\n\t\t<\/div>\n\t\t\t\t\t<\/div>\n\t\t<\/section>\n\t\t\t\t<\/div>\n\t\t","protected":false},"excerpt":{"rendered":"<p>News<\/p>\n","protected":false},"author":1,"featured_media":0,"parent":0,"menu_order":0,"comment_status":"closed","ping_status":"closed","template":"elementor_header_footer","meta":{"footnotes":""},"class_list":["post-1527","page","type-page","status-publish","hentry"],"yoast_head":"<!-- This site is optimized with the Yoast SEO plugin v24.5 - https:\/\/yoast.com\/wordpress\/plugins\/seo\/ -->\n<title>News - \u00c5bo Akademis Alumner<\/title>\n<meta name=\"robots\" content=\"index, follow, max-snippet:-1, max-image-preview:large, max-video-preview:-1\" \/>\n<link rel=\"canonical\" href=\"https:\/\/aboakademisalumner.fi\/en\/news\/\" \/>\n<meta property=\"og:locale\" content=\"en_US\" \/>\n<meta property=\"og:type\" content=\"article\" \/>\n<meta property=\"og:title\" content=\"News - \u00c5bo Akademis Alumner\" \/>\n<meta property=\"og:description\" content=\"News\" \/>\n<meta property=\"og:url\" content=\"https:\/\/aboakademisalumner.fi\/en\/news\/\" \/>\n<meta property=\"og:site_name\" content=\"\u00c5bo Akademis Alumner\" \/>\n<meta property=\"article:modified_time\" content=\"2025-02-22T16:36:21+00:00\" \/>\n<meta name=\"twitter:card\" content=\"summary_large_image\" \/>\n<script type=\"application\/ld+json\" class=\"yoast-schema-graph\">{\"@context\":\"https:\/\/schema.org\",\"@graph\":[{\"@type\":\"WebPage\",\"@id\":\"https:\/\/aboakademisalumner.fi\/en\/news\/\",\"url\":\"https:\/\/aboakademisalumner.fi\/en\/news\/\",\"name\":\"News - \u00c5bo Akademis Alumner\",\"isPartOf\":{\"@id\":\"https:\/\/aboakademisalumner.fi\/#website\"},\"datePublished\":\"2022-11-02T09:43:00+00:00\",\"dateModified\":\"2025-02-22T16:36:21+00:00\",\"breadcrumb\":{\"@id\":\"https:\/\/aboakademisalumner.fi\/en\/news\/#breadcrumb\"},\"inLanguage\":\"en-US\",\"potentialAction\":[{\"@type\":\"ReadAction\",\"target\":[\"https:\/\/aboakademisalumner.fi\/en\/news\/\"]}]},{\"@type\":\"BreadcrumbList\",\"@id\":\"https:\/\/aboakademisalumner.fi\/en\/news\/#breadcrumb\",\"itemListElement\":[{\"@type\":\"ListItem\",\"position\":1,\"name\":\"Hem\",\"item\":\"https:\/\/aboakademisalumner.fi\/en\/home\/\"},{\"@type\":\"ListItem\",\"position\":2,\"name\":\"News\"}]},{\"@type\":\"WebSite\",\"@id\":\"https:\/\/aboakademisalumner.fi\/#website\",\"url\":\"https:\/\/aboakademisalumner.fi\/\",\"name\":\"\u00c5bo Akademis Alumner\",\"description\":\"\",\"publisher\":{\"@id\":\"https:\/\/aboakademisalumner.fi\/#organization\"},\"potentialAction\":[{\"@type\":\"SearchAction\",\"target\":{\"@type\":\"EntryPoint\",\"urlTemplate\":\"https:\/\/aboakademisalumner.fi\/?s={search_term_string}\"},\"query-input\":{\"@type\":\"PropertyValueSpecification\",\"valueRequired\":true,\"valueName\":\"search_term_string\"}}],\"inLanguage\":\"en-US\"},{\"@type\":\"Organization\",\"@id\":\"https:\/\/aboakademisalumner.fi\/#organization\",\"name\":\"\u00c5bo Akademis Alumner\",\"url\":\"https:\/\/aboakademisalumner.fi\/\",\"logo\":{\"@type\":\"ImageObject\",\"inLanguage\":\"en-US\",\"@id\":\"https:\/\/aboakademisalumner.fi\/#\/schema\/logo\/image\/\",\"url\":\"https:\/\/aboakademisalumner.fi\/wp-content\/uploads\/2022\/11\/abo-akademis-alumner-logo.svg\",\"contentUrl\":\"https:\/\/aboakademisalumner.fi\/wp-content\/uploads\/2022\/11\/abo-akademis-alumner-logo.svg\",\"width\":136,\"height\":92,\"caption\":\"\u00c5bo Akademis Alumner\"},\"image\":{\"@id\":\"https:\/\/aboakademisalumner.fi\/#\/schema\/logo\/image\/\"}}]}<\/script>\n<!-- \/ Yoast SEO plugin. -->","yoast_head_json":{"title":"News - \u00c5bo Akademis Alumner","robots":{"index":"index","follow":"follow","max-snippet":"max-snippet:-1","max-image-preview":"max-image-preview:large","max-video-preview":"max-video-preview:-1"},"canonical":"https:\/\/aboakademisalumner.fi\/en\/news\/","og_locale":"en_US","og_type":"article","og_title":"News - \u00c5bo Akademis Alumner","og_description":"News","og_url":"https:\/\/aboakademisalumner.fi\/en\/news\/","og_site_name":"\u00c5bo Akademis Alumner","article_modified_time":"2025-02-22T16:36:21+00:00","twitter_card":"summary_large_image","schema":{"@context":"https:\/\/schema.org","@graph":[{"@type":"WebPage","@id":"https:\/\/aboakademisalumner.fi\/en\/news\/","url":"https:\/\/aboakademisalumner.fi\/en\/news\/","name":"News - \u00c5bo Akademis Alumner","isPartOf":{"@id":"https:\/\/aboakademisalumner.fi\/#website"},"datePublished":"2022-11-02T09:43:00+00:00","dateModified":"2025-02-22T16:36:21+00:00","breadcrumb":{"@id":"https:\/\/aboakademisalumner.fi\/en\/news\/#breadcrumb"},"inLanguage":"en-US","potentialAction":[{"@type":"ReadAction","target":["https:\/\/aboakademisalumner.fi\/en\/news\/"]}]},{"@type":"BreadcrumbList","@id":"https:\/\/aboakademisalumner.fi\/en\/news\/#breadcrumb","itemListElement":[{"@type":"ListItem","position":1,"name":"Hem","item":"https:\/\/aboakademisalumner.fi\/en\/home\/"},{"@type":"ListItem","position":2,"name":"News"}]},{"@type":"WebSite","@id":"https:\/\/aboakademisalumner.fi\/#website","url":"https:\/\/aboakademisalumner.fi\/","name":"\u00c5bo Akademis Alumner","description":"","publisher":{"@id":"https:\/\/aboakademisalumner.fi\/#organization"},"potentialAction":[{"@type":"SearchAction","target":{"@type":"EntryPoint","urlTemplate":"https:\/\/aboakademisalumner.fi\/?s={search_term_string}"},"query-input":{"@type":"PropertyValueSpecification","valueRequired":true,"valueName":"search_term_string"}}],"inLanguage":"en-US"},{"@type":"Organization","@id":"https:\/\/aboakademisalumner.fi\/#organization","name":"\u00c5bo Akademis Alumner","url":"https:\/\/aboakademisalumner.fi\/","logo":{"@type":"ImageObject","inLanguage":"en-US","@id":"https:\/\/aboakademisalumner.fi\/#\/schema\/logo\/image\/","url":"https:\/\/aboakademisalumner.fi\/wp-content\/uploads\/2022\/11\/abo-akademis-alumner-logo.svg","contentUrl":"https:\/\/aboakademisalumner.fi\/wp-content\/uploads\/2022\/11\/abo-akademis-alumner-logo.svg","width":136,"height":92,"caption":"\u00c5bo Akademis Alumner"},"image":{"@id":"https:\/\/aboakademisalumner.fi\/#\/schema\/logo\/image\/"}}]}},"_links":{"self":[{"href":"https:\/\/aboakademisalumner.fi\/en\/wp-json\/wp\/v2\/pages\/1527","targetHints":{"allow":["GET"]}}],"collection":[{"href":"https:\/\/aboakademisalumner.fi\/en\/wp-json\/wp\/v2\/pages"}],"about":[{"href":"https:\/\/aboakademisalumner.fi\/en\/wp-json\/wp\/v2\/types\/page"}],"author":[{"embeddable":true,"href":"https:\/\/aboakademisalumner.fi\/en\/wp-json\/wp\/v2\/users\/1"}],"replies":[{"embeddable":true,"href":"https:\/\/aboakademisalumner.fi\/en\/wp-json\/wp\/v2\/comments?post=1527"}],"version-history":[{"count":10,"href":"https:\/\/aboakademisalumner.fi\/en\/wp-json\/wp\/v2\/pages\/1527\/revisions"}],"predecessor-version":[{"id":2298,"href":"https:\/\/aboakademisalumner.fi\/en\/wp-json\/wp\/v2\/pages\/1527\/revisions\/2298"}],"wp:attachment":[{"href":"https:\/\/aboakademisalumner.fi\/en\/wp-json\/wp\/v2\/media?parent=1527"}],"curies":[{"name":"wp","href":"https:\/\/api.w.org\/{rel}","templated":true}]}}